{"id":4823,"date":"2011-05-19T10:13:00","date_gmt":"2011-05-19T10:13:00","guid":{"rendered":"https:\/\/dixitciencia.com\/que-es-dixit\/"},"modified":"2017-04-30T15:56:59","modified_gmt":"2017-04-30T15:56:59","slug":"que-es-dixit","status":"publish","type":"page","link":"https:\/\/dixitciencia.com\/ca\/que-es-dixit\/","title":{"rendered":"\u00bfQu\u00e9 es dixit?"},"content":{"rendered":"<p style=\"text-align: justify;\"><a href=\"https:\/\/www.facebook.com\/dixitciencia\" target=\"_blank\" rel=\"noopener noreferrer\">Dixit<\/a> \u00e9s una associaci\u00f3 que neix de la idea d&#8217;oferir informaci\u00f3 d&#8217;actualitat, per\u00f2 degudament contextualitzada. Som de l&#8217;opini\u00f3 que el coneixement cient\u00edfic en totes les seves facetes ha d&#8217;estar al servei de la societat i que aquest es pot oferir d&#8217;una forma propera i accessible i no per aix\u00f2 estar exempt de rigor. Estem conven\u00e7uts que els aven\u00e7os cient\u00edfics i t\u00e8cnics s&#8217;han de comunicar d&#8217;una manera en la qual tinguin cabuda no nom\u00e9s les dades m\u00e9s t\u00e8cniques sin\u00f3 tamb\u00e9 el context on s&#8217;han obtingut i les repercussions reals que poden tenir per a la societat.<\/p>\n<p style=\"text-align: justify;\">Al web oferim continguts exclusius (sota llic\u00e8ncia Creative Commons, que permet la seva reproducci\u00f3 sempre que es respecti el text original i es citi a Dixit Ci\u00e8ncia i l&#8217;enlla\u00e7 original) aix\u00ed com col\u00b7laboracions que realitzem amb altres mitjans com \u00a0l&#8217;ag\u00e8ncia Sinc, el diari El Pa\u00eds o el Heraldo de Arag\u00f3n, entre d&#8217;altres.<\/p>\n<p style=\"text-align: justify;\">Perqu\u00e8 la ci\u00e8ncia, en totes les seves vessants, tamb\u00e9 \u00e9s cultura i perqu\u00e8, degudament tractada, tamb\u00e9 \u00e9s enormement atractiva.<\/p>\n","protected":false},"excerpt":{"rendered":"<p>Dixit \u00e9s una associaci\u00f3 que neix de la idea d&#8217;oferir informaci\u00f3 d&#8217;actualitat, per\u00f2 degudament contextualitzada. Som de l&#8217;opini\u00f3 que el coneixement cient\u00edfic en totes les seves facetes ha d&#8217;estar al servei de la societat i que aquest es pot oferir d&#8217;una forma propera i accessible i no per aix\u00f2 estar exempt de rigor. Estem conven\u00e7uts&hellip;<\/p>\n","protected":false},"author":2,"featured_media":0,"parent":0,"menu_order":0,"comment_status":"closed","ping_status":"closed","template":"","meta":{"jetpack_post_was_ever_published":false,"footnotes":""},"class_list":["post-4823","page","type-page","status-publish","hentry"],"yoast_head":"<!-- This site is optimized with the Yoast SEO plugin v27.0 - https:\/\/yoast.com\/product\/yoast-seo-wordpress\/ -->\n<title>\u00bfQu\u00e9 es dixit? - Dixit<\/title>\n<meta name=\"robots\" content=\"index, follow, max-snippet:-1, max-image-preview:large, max-video-preview:-1\" \/>\n<link rel=\"canonical\" href=\"https:\/\/dixitciencia.com\/que-es-dixit\/\" \/>\n<meta property=\"og:locale\" content=\"ca_ES\" \/>\n<meta property=\"og:type\" content=\"article\" \/>\n<meta property=\"og:title\" content=\"\u00bfQu\u00e9 es dixit? - Dixit\" \/>\n<meta property=\"og:description\" content=\"Dixit \u00e9s una associaci\u00f3 que neix de la idea d&#8217;oferir informaci\u00f3 d&#8217;actualitat, per\u00f2 degudament contextualitzada. Som de l&#8217;opini\u00f3 que el coneixement cient\u00edfic en totes les seves facetes ha d&#8217;estar al servei de la societat i que aquest es pot oferir d&#8217;una forma propera i accessible i no per aix\u00f2 estar exempt de rigor. Estem conven\u00e7uts&hellip;\" \/>\n<meta property=\"og:url\" content=\"https:\/\/dixitciencia.com\/que-es-dixit\/\" \/>\n<meta property=\"og:site_name\" content=\"Dixit\" \/>\n<meta property=\"article:publisher\" content=\"https:\/\/www.facebook.com\/dixitciencia\/\" \/>\n<meta property=\"article:modified_time\" content=\"2017-04-30T15:56:59+00:00\" \/>\n<meta name=\"twitter:card\" content=\"summary_large_image\" \/>\n<meta name=\"twitter:site\" content=\"@dixit_ciencia\" \/>\n<meta name=\"twitter:label1\" content=\"Est. reading time\" \/>\n\t<meta name=\"twitter:data1\" content=\"1 minute\" \/>\n<script type=\"application\/ld+json\" class=\"yoast-schema-graph\">{\"@context\":\"https:\/\/schema.org\",\"@graph\":[{\"@type\":\"WebPage\",\"@id\":\"https:\/\/dixitciencia.com\/que-es-dixit\/\",\"url\":\"https:\/\/dixitciencia.com\/que-es-dixit\/\",\"name\":\"\u00bfQu\u00e9 es dixit? - Dixit\",\"isPartOf\":{\"@id\":\"https:\/\/dixitciencia.com\/#website\"},\"datePublished\":\"2011-05-19T10:13:00+00:00\",\"dateModified\":\"2017-04-30T15:56:59+00:00\",\"breadcrumb\":{\"@id\":\"https:\/\/dixitciencia.com\/que-es-dixit\/#breadcrumb\"},\"inLanguage\":\"ca\",\"potentialAction\":[{\"@type\":\"ReadAction\",\"target\":[\"https:\/\/dixitciencia.com\/que-es-dixit\/\"]}]},{\"@type\":\"BreadcrumbList\",\"@id\":\"https:\/\/dixitciencia.com\/que-es-dixit\/#breadcrumb\",\"itemListElement\":[{\"@type\":\"ListItem\",\"position\":1,\"name\":\"Portada\",\"item\":\"https:\/\/dixitciencia.com\/\"},{\"@type\":\"ListItem\",\"position\":2,\"name\":\"\u00bfQu\u00e9 es dixit?\"}]},{\"@type\":\"WebSite\",\"@id\":\"https:\/\/dixitciencia.com\/#website\",\"url\":\"https:\/\/dixitciencia.com\/\",\"name\":\"Dixit - Comunicaci\u00f3n cient\u00edfica\",\"description\":\"Comunicaci\u00f3n cient\u00edfica\",\"publisher\":{\"@id\":\"https:\/\/dixitciencia.com\/#organization\"},\"potentialAction\":[{\"@type\":\"SearchAction\",\"target\":{\"@type\":\"EntryPoint\",\"urlTemplate\":\"https:\/\/dixitciencia.com\/?s={search_term_string}\"},\"query-input\":{\"@type\":\"PropertyValueSpecification\",\"valueRequired\":true,\"valueName\":\"search_term_string\"}}],\"inLanguage\":\"ca\"},{\"@type\":\"Organization\",\"@id\":\"https:\/\/dixitciencia.com\/#organization\",\"name\":\"Dixit - Comunicaci\u00f3n cient\u00edfica\",\"url\":\"https:\/\/dixitciencia.com\/\",\"logo\":{\"@type\":\"ImageObject\",\"inLanguage\":\"ca\",\"@id\":\"https:\/\/dixitciencia.com\/#\/schema\/logo\/image\/\",\"url\":\"https:\/\/dixitciencia.com\/wp-content\/uploads\/dixit_CAST-1.png\",\"contentUrl\":\"https:\/\/dixitciencia.com\/wp-content\/uploads\/dixit_CAST-1.png\",\"width\":146,\"height\":85,\"caption\":\"Dixit - Comunicaci\u00f3n cient\u00edfica\"},\"image\":{\"@id\":\"https:\/\/dixitciencia.com\/#\/schema\/logo\/image\/\"},\"sameAs\":[\"https:\/\/www.facebook.com\/dixitciencia\/\",\"https:\/\/x.com\/dixit_ciencia\"]}]}<\/script>\n<!-- \/ Yoast SEO plugin. -->","yoast_head_json":{"title":"\u00bfQu\u00e9 es dixit? - Dixit","robots":{"index":"index","follow":"follow","max-snippet":"max-snippet:-1","max-image-preview":"max-image-preview:large","max-video-preview":"max-video-preview:-1"},"canonical":"https:\/\/dixitciencia.com\/que-es-dixit\/","og_locale":"ca_ES","og_type":"article","og_title":"\u00bfQu\u00e9 es dixit? - Dixit","og_description":"Dixit \u00e9s una associaci\u00f3 que neix de la idea d&#8217;oferir informaci\u00f3 d&#8217;actualitat, per\u00f2 degudament contextualitzada. Som de l&#8217;opini\u00f3 que el coneixement cient\u00edfic en totes les seves facetes ha d&#8217;estar al servei de la societat i que aquest es pot oferir d&#8217;una forma propera i accessible i no per aix\u00f2 estar exempt de rigor. Estem conven\u00e7uts&hellip;","og_url":"https:\/\/dixitciencia.com\/que-es-dixit\/","og_site_name":"Dixit","article_publisher":"https:\/\/www.facebook.com\/dixitciencia\/","article_modified_time":"2017-04-30T15:56:59+00:00","twitter_card":"summary_large_image","twitter_site":"@dixit_ciencia","twitter_misc":{"Est. reading time":"1 minute"},"schema":{"@context":"https:\/\/schema.org","@graph":[{"@type":"WebPage","@id":"https:\/\/dixitciencia.com\/que-es-dixit\/","url":"https:\/\/dixitciencia.com\/que-es-dixit\/","name":"\u00bfQu\u00e9 es dixit? - Dixit","isPartOf":{"@id":"https:\/\/dixitciencia.com\/#website"},"datePublished":"2011-05-19T10:13:00+00:00","dateModified":"2017-04-30T15:56:59+00:00","breadcrumb":{"@id":"https:\/\/dixitciencia.com\/que-es-dixit\/#breadcrumb"},"inLanguage":"ca","potentialAction":[{"@type":"ReadAction","target":["https:\/\/dixitciencia.com\/que-es-dixit\/"]}]},{"@type":"BreadcrumbList","@id":"https:\/\/dixitciencia.com\/que-es-dixit\/#breadcrumb","itemListElement":[{"@type":"ListItem","position":1,"name":"Portada","item":"https:\/\/dixitciencia.com\/"},{"@type":"ListItem","position":2,"name":"\u00bfQu\u00e9 es dixit?"}]},{"@type":"WebSite","@id":"https:\/\/dixitciencia.com\/#website","url":"https:\/\/dixitciencia.com\/","name":"Dixit - Comunicaci\u00f3n cient\u00edfica","description":"Comunicaci\u00f3n cient\u00edfica","publisher":{"@id":"https:\/\/dixitciencia.com\/#organization"},"potentialAction":[{"@type":"SearchAction","target":{"@type":"EntryPoint","urlTemplate":"https:\/\/dixitciencia.com\/?s={search_term_string}"},"query-input":{"@type":"PropertyValueSpecification","valueRequired":true,"valueName":"search_term_string"}}],"inLanguage":"ca"},{"@type":"Organization","@id":"https:\/\/dixitciencia.com\/#organization","name":"Dixit - Comunicaci\u00f3n cient\u00edfica","url":"https:\/\/dixitciencia.com\/","logo":{"@type":"ImageObject","inLanguage":"ca","@id":"https:\/\/dixitciencia.com\/#\/schema\/logo\/image\/","url":"https:\/\/dixitciencia.com\/wp-content\/uploads\/dixit_CAST-1.png","contentUrl":"https:\/\/dixitciencia.com\/wp-content\/uploads\/dixit_CAST-1.png","width":146,"height":85,"caption":"Dixit - Comunicaci\u00f3n cient\u00edfica"},"image":{"@id":"https:\/\/dixitciencia.com\/#\/schema\/logo\/image\/"},"sameAs":["https:\/\/www.facebook.com\/dixitciencia\/","https:\/\/x.com\/dixit_ciencia"]}]}},"jetpack_sharing_enabled":true,"_links":{"self":[{"href":"https:\/\/dixitciencia.com\/ca\/wp-json\/wp\/v2\/pages\/4823","targetHints":{"allow":["GET"]}}],"collection":[{"href":"https:\/\/dixitciencia.com\/ca\/wp-json\/wp\/v2\/pages"}],"about":[{"href":"https:\/\/dixitciencia.com\/ca\/wp-json\/wp\/v2\/types\/page"}],"author":[{"embeddable":true,"href":"https:\/\/dixitciencia.com\/ca\/wp-json\/wp\/v2\/users\/2"}],"replies":[{"embeddable":true,"href":"https:\/\/dixitciencia.com\/ca\/wp-json\/wp\/v2\/comments?post=4823"}],"version-history":[{"count":2,"href":"https:\/\/dixitciencia.com\/ca\/wp-json\/wp\/v2\/pages\/4823\/revisions"}],"predecessor-version":[{"id":4827,"href":"https:\/\/dixitciencia.com\/ca\/wp-json\/wp\/v2\/pages\/4823\/revisions\/4827"}],"wp:attachment":[{"href":"https:\/\/dixitciencia.com\/ca\/wp-json\/wp\/v2\/media?parent=4823"}],"curies":[{"name":"wp","href":"https:\/\/api.w.org\/{rel}","templated":true}]}}