{"id":4821,"date":"2011-05-11T19:26:44","date_gmt":"2011-05-11T19:26:44","guid":{"rendered":"https:\/\/dixitciencia.com\/quienes-somos\/"},"modified":"2017-05-12T10:58:02","modified_gmt":"2017-05-12T10:58:02","slug":"qui-som","status":"publish","type":"page","link":"https:\/\/dixitciencia.com\/ca\/qui-som\/","title":{"rendered":"Qui som?"},"content":{"rendered":"<p><!--:es--><\/p>\n<p style=\"text-align: justify;\"><a href=\"https:\/\/www.facebook.com\/dixitciencia\" target=\"_blank\" rel=\"noopener noreferrer\"><strong>Dixit<\/strong> <\/a>lo formamos cuatro profesionales de diferentes ramas:<\/p>\n<p style=\"text-align: justify;\">&#8211;\u00a0<strong><a href=\"http:\/\/about.me\/jesus.mendez\" target=\"_blank\" rel=\"noopener noreferrer\">JES\u00daS M\u00c9NDEZ<\/a>,\u00a0licenciado en Medicina y doctor en Bioqu\u00edmica y Biolog\u00eda Molecular. Especialidad en Bioqu\u00edmica Cl\u00ednica y ex-investigador en la epigen\u00e9tica del c\u00e1ncer en el\u00a0<a href=\"http:\/\/www.pebc.cat\/\">PEBC<\/a>.\u00a0M\u00e1ster en Comunicaci\u00f3n Cient\u00edfica. Cofundador y responsable de Dixit. Actualmente trabaja como periodista y escritor cient\u00edfico.<\/strong><\/p>\n<p style=\"text-align: justify;\"><strong>Ganador del <a href=\"http:\/\/www.agenciasinc.es\/Noticias\/El-colaborador-de-Sinc-Jesus-Mendez-Premio-Prismas-2016-de-divulgacion\" target=\"_blank\" rel=\"noopener noreferrer\">Premio Prismas al mejor art\u00edculo period\u00edstico de divulgaci\u00f3n<\/a>, del <a href=\"https:\/\/www.academiatv.es\/la-academia-de-television-entrega-el-14-de-julio-los-premios-de-periodismo-cientifico-concha-garcia-campoy\/#.V9fNM_mLQok\" target=\"_blank\" rel=\"noopener noreferrer\">Premio Concha Garc\u00eda Campoy de periodismo<\/a>, del <a href=\"http:\/\/www.irekia.euskadi.eus\/es\/news\/33050-gobierno-vasco-concede-premio-periodismo-ambiental-periodista-jesus-mendez-por-trabajo-sobre-poliestireno\" target=\"_blank\" rel=\"noopener noreferrer\">Premio de Periodismo Ambiental del Gobierno del Pa\u00eds Vasco<\/a>\u00a0y del <a href=\"http:\/\/www.seom.org\/es\/prensa\/premio-periodismo-seom\" target=\"_blank\" rel=\"noopener noreferrer\">Premio de periodismo de la Sociedad Espa\u00f1ola de Oncolog\u00eda M\u00e9dica (SEOM)<\/a> en 2016. Ganador del <a href=\"http:\/\/premioperiodisticoir.es\/ganadores.php\" target=\"_blank\" rel=\"noopener noreferrer\">Premio Instituto Roche de Periodismo en Medicina Personalizada<\/a>\u00a0y del <a href=\"http:\/\/www.premioperiodistico.es\/premiados-2014.html\" target=\"_blank\" rel=\"noopener noreferrer\">Premio Boehringer al Periodismo en Medicina en 2014<\/a>\u00a0(finalista en\u00a0<a href=\"http:\/\/www.premioperiodistico.es\/premiados-2012.html\" target=\"_blank\" rel=\"noopener noreferrer\">2012\u00a0<\/a>y\u00a0<a href=\"http:\/\/www.premioperiodistico.es\/premiados-2013.html\" target=\"_blank\" rel=\"noopener noreferrer\">2013<\/a>). Ganador de un acc\u00e9sit en el <a href=\"http:\/\/www.agenciasinc.es\/Noticias\/El-colaborador-de-Sinc-Jesus-Mendez-galardonado-en-el-Premio-ASEBIO\" target=\"_blank\" rel=\"noopener noreferrer\">Premio ASEBIO<\/a>\u00a0a la Comunicaci\u00f3n de la Biotecnolog\u00eda en 2015. Finalista en el\u00a0<a href=\"http:\/\/www.20minutos.es\/noticia\/2671166\/0\/sostenible-foro-transfiere-clausura-su-quinta-edicion-que-han-participado-m-3-000-profesionales\/\" target=\"_blank\" rel=\"noopener noreferrer\">I Premio de periodismo Foro Transfiere<\/a>.\u00a0Ganador del\u00a0<a href=\"https:\/\/dixitciencia.com\/wp-content\/uploads\/premio_innova_iristea.pdf\" target=\"_blank\" rel=\"noopener noreferrer\">Premio Innova<\/a>\u00a0del Diario de Le\u00f3n. \u00a0<\/strong>(Colaborador del suplemento de ciencia\u00a0<a href=\"http:\/\/www.heraldo.es\/suplementos\/tercer_milenio.html\">Tercer Milenio<\/a>, en el Heraldo de Arag\u00f3n, de la\u00a0<a href=\"http:\/\/www.agenciasinc.es\/\" target=\"_blank\" rel=\"noopener noreferrer\">agencia SINC<\/a>,\u00a0del diario <a href=\"http:\/\/elpais.com\/autor\/jesus_mendez_gonzalez\/a\/\" target=\"_blank\" rel=\"noopener noreferrer\">El Pa\u00eds,<\/a> del diario El Espa\u00f1ol, del programa de TV &#8220;<a href=\"http:\/\/www.rtve.es\/alacarta\/videos\/el-cazador-de-cerebros\/\" target=\"_blank\" rel=\"noopener noreferrer\">El Cazador de Cerebros<\/a>&#8221; y de las revistas Muy Interesante y Scientific American, entre otros. Blog personal:\u00a0<a href=\"http:\/\/www.20000caligrafias.wordpress.com\/\">20000caligrafias<\/a>). En twitter:\u00a0<a href=\"https:\/\/twitter.com\/jesusmendezzz\" target=\"_blank\" rel=\"noopener noreferrer\">@jesusmendezzz<\/a><\/p>\n<p style=\"text-align: justify;\"><strong>email:<\/strong> jesusmendez@dixitciencia.com<\/p>\n<p>&#8211;\u00a0<strong><a href=\"https:\/\/twitter.com\/Marc__cb\" target=\"_blank\" rel=\"noopener noreferrer\">MARC CASANOV<\/a><a href=\"https:\/\/twitter.com\/Marc__cb\" target=\"_blank\" rel=\"noopener noreferrer\">A<\/a><a href=\"https:\/\/twitter.com\/Marc__cb\" target=\"_blank\" rel=\"noopener noreferrer\">S<\/a>, ingeniero de Caminos, Canales y Puertos<\/strong>\u00a0(experiencia en la organizaci\u00f3n de\u00a0<a href=\"http:\/\/www.camins.cat\/correo\/mailer\/files\/Llibre_Cicle08_Eng_i_Sostenb.pdf\">eventos y publicaciones\u00a0<\/a>de car\u00e1cter cient\u00edfico). Cofundador de Dixit. En twitter:\u00a0<a href=\"https:\/\/twitter.com\/Marc__cb\" target=\"_blank\" rel=\"noopener noreferrer\">@Marc__cb<\/a><\/p>\n<p>&#8211;\u00a0<strong><a href=\"https:\/\/twitter.com\/PalomoMarta\" target=\"_blank\" rel=\"noopener noreferrer\">MARTA PALOMO<\/a>, doctora en Biolog\u00eda. M\u00e1ster en Comunicaci\u00f3n Cient\u00edfica. Finalista del\u00a0<a href=\"http:\/\/www.premioperiodistico.es\/premiados-2013.html\" target=\"_blank\" rel=\"noopener noreferrer\">premio Boehringer al periodismo en medicina 2013<\/a>, finalista del\u00a0<a href=\"http:\/\/ec.europa.eu\/health-eu\/journalist_prize\/2013\/winners\/index_en.htm\" target=\"_blank\" rel=\"noopener noreferrer\">\u00b4EU Health Prize for Journalists\u00b4<\/a>\u00a0y ganadora del\u00a0<a href=\"http:\/\/www.aecomunicacioncientifica.org\/enhorabuena-a-los-ganadores-del-premio-fecyt-de-comunicacion-cientifica\/\" target=\"_blank\" rel=\"noopener noreferrer\">premio FECYT de divulgaci\u00f3n<\/a>\u00a0en 2011. Acc\u00e9sit en el\u00a0<strong><a href=\"http:\/\/premioperiodisticoir.es\/ganadores2015.php\" target=\"_blank\" rel=\"noopener noreferrer\">premio Instituto Roche de Periodismo en Medicina Personalizada<\/a>\u00a0en 2015.\u00a0<\/strong><\/strong>Menci\u00f3n especial en el\u00a0<strong><a href=\"http:\/\/www.agenciasinc.es\/Noticias\/Sinc-gana-la-mencion-especial-del-Premio-de-Periodismo-de-Tecnalia-para-medios-on-line\" target=\"_blank\" rel=\"noopener noreferrer\">premio de periodismo Tecnalia<\/a><\/strong>\u00a0en 2015. \u00a0(colaboradora de la\u00a0<a href=\"http:\/\/www.agenciasinc.es\/\" target=\"_blank\" rel=\"noopener noreferrer\">agencia SINC<\/a>, del diario El Pa\u00eds y del programa de TV &#8220;<a href=\"http:\/\/www.rtve.es\/alacarta\/videos\/el-cazador-de-cerebros\/\" target=\"_blank\" rel=\"noopener noreferrer\">El Cazador de Cerebros<\/a>&#8221;\u00a0\/ web personal:\u00a0<a href=\"http:\/\/martapalomo.com\/\">martapalomo.com<\/a>). En twitter:\u00a0<a href=\"https:\/\/twitter.com\/PalomoMarta\" target=\"_blank\" rel=\"noopener noreferrer\">@palomomarta<\/a><\/p>\n<p><strong>&#8211;\u00a0<\/strong><strong><a href=\"https:\/\/twitter.com\/llumenera\" target=\"_blank\" rel=\"noopener noreferrer\">MIQUEL TUSON<\/a>, doctor en Biolog\u00eda<\/strong>\u00a0(responsable del blog de divulgaci\u00f3n cient\u00edfica\u00a0<a href=\"http:\/\/ciencia.ara.cat\/laetoli\">Laetoli<\/a>, en el diario ARA). En twitter:\u00a0<a href=\"https:\/\/twitter.com\/llumenera\" target=\"_blank\" rel=\"noopener noreferrer\">@llumenera<\/a><\/p>\n<p>Adem\u00e1s, estamos abiertos a la posibilidad de ofrecer colaboraciones ocasionales de otros profesionales con los\u00a0que mantenemos contacto y\u00a0que comparten nuestras ideas sobre c\u00f3mo debe ser la divulgaci\u00f3n cient\u00edfica.<\/p>\n<p>&nbsp;<\/p>\n<p><!--:--><\/p>\n","protected":false},"excerpt":{"rendered":"<p>Dixit lo formamos cuatro profesionales de diferentes ramas: &#8211;\u00a0JES\u00daS M\u00c9NDEZ,\u00a0licenciado en Medicina y doctor en Bioqu\u00edmica y Biolog\u00eda Molecular. Especialidad en Bioqu\u00edmica Cl\u00ednica y ex-investigador en la epigen\u00e9tica del c\u00e1ncer en el\u00a0PEBC.\u00a0M\u00e1ster en Comunicaci\u00f3n Cient\u00edfica. Cofundador y responsable de Dixit. Actualmente trabaja como periodista y escritor cient\u00edfico. Ganador del Premio Prismas al mejor art\u00edculo period\u00edstico&hellip;<\/p>\n","protected":false},"author":2,"featured_media":0,"parent":0,"menu_order":0,"comment_status":"closed","ping_status":"closed","template":"","meta":{"jetpack_post_was_ever_published":false,"footnotes":""},"class_list":["post-4821","page","type-page","status-publish","hentry"],"yoast_head":"<!-- This site is optimized with the Yoast SEO plugin v27.0 - https:\/\/yoast.com\/product\/yoast-seo-wordpress\/ -->\n<title>Qui som? - Dixit<\/title>\n<meta name=\"robots\" content=\"index, follow, max-snippet:-1, max-image-preview:large, max-video-preview:-1\" \/>\n<link rel=\"canonical\" href=\"https:\/\/dixitciencia.com\/quienes-somos\/\" \/>\n<meta property=\"og:locale\" content=\"ca_ES\" \/>\n<meta property=\"og:type\" content=\"article\" \/>\n<meta property=\"og:title\" content=\"Qui som? - Dixit\" \/>\n<meta property=\"og:description\" content=\"Dixit lo formamos cuatro profesionales de diferentes ramas: &#8211;\u00a0JES\u00daS M\u00c9NDEZ,\u00a0licenciado en Medicina y doctor en Bioqu\u00edmica y Biolog\u00eda Molecular. Especialidad en Bioqu\u00edmica Cl\u00ednica y ex-investigador en la epigen\u00e9tica del c\u00e1ncer en el\u00a0PEBC.\u00a0M\u00e1ster en Comunicaci\u00f3n Cient\u00edfica. Cofundador y responsable de Dixit. Actualmente trabaja como periodista y escritor cient\u00edfico. Ganador del Premio Prismas al mejor art\u00edculo period\u00edstico&hellip;\" \/>\n<meta property=\"og:url\" content=\"https:\/\/dixitciencia.com\/quienes-somos\/\" \/>\n<meta property=\"og:site_name\" content=\"Dixit\" \/>\n<meta property=\"article:publisher\" content=\"https:\/\/www.facebook.com\/dixitciencia\/\" \/>\n<meta property=\"article:modified_time\" content=\"2017-05-12T10:58:02+00:00\" \/>\n<meta name=\"twitter:card\" content=\"summary_large_image\" \/>\n<meta name=\"twitter:site\" content=\"@dixit_ciencia\" \/>\n<meta name=\"twitter:label1\" content=\"Est. reading time\" \/>\n\t<meta name=\"twitter:data1\" content=\"2 minutes\" \/>\n<script type=\"application\/ld+json\" class=\"yoast-schema-graph\">{\"@context\":\"https:\/\/schema.org\",\"@graph\":[{\"@type\":\"WebPage\",\"@id\":\"https:\/\/dixitciencia.com\/quienes-somos\/\",\"url\":\"https:\/\/dixitciencia.com\/quienes-somos\/\",\"name\":\"Qui som? - Dixit\",\"isPartOf\":{\"@id\":\"https:\/\/dixitciencia.com\/#website\"},\"datePublished\":\"2011-05-11T19:26:44+00:00\",\"dateModified\":\"2017-05-12T10:58:02+00:00\",\"breadcrumb\":{\"@id\":\"https:\/\/dixitciencia.com\/quienes-somos\/#breadcrumb\"},\"inLanguage\":\"ca\",\"potentialAction\":[{\"@type\":\"ReadAction\",\"target\":[\"https:\/\/dixitciencia.com\/quienes-somos\/\"]}]},{\"@type\":\"BreadcrumbList\",\"@id\":\"https:\/\/dixitciencia.com\/quienes-somos\/#breadcrumb\",\"itemListElement\":[{\"@type\":\"ListItem\",\"position\":1,\"name\":\"Portada\",\"item\":\"https:\/\/dixitciencia.com\/\"},{\"@type\":\"ListItem\",\"position\":2,\"name\":\"Qui som?\"}]},{\"@type\":\"WebSite\",\"@id\":\"https:\/\/dixitciencia.com\/#website\",\"url\":\"https:\/\/dixitciencia.com\/\",\"name\":\"Dixit - Comunicaci\u00f3n cient\u00edfica\",\"description\":\"Comunicaci\u00f3n cient\u00edfica\",\"publisher\":{\"@id\":\"https:\/\/dixitciencia.com\/#organization\"},\"potentialAction\":[{\"@type\":\"SearchAction\",\"target\":{\"@type\":\"EntryPoint\",\"urlTemplate\":\"https:\/\/dixitciencia.com\/?s={search_term_string}\"},\"query-input\":{\"@type\":\"PropertyValueSpecification\",\"valueRequired\":true,\"valueName\":\"search_term_string\"}}],\"inLanguage\":\"ca\"},{\"@type\":\"Organization\",\"@id\":\"https:\/\/dixitciencia.com\/#organization\",\"name\":\"Dixit - Comunicaci\u00f3n cient\u00edfica\",\"url\":\"https:\/\/dixitciencia.com\/\",\"logo\":{\"@type\":\"ImageObject\",\"inLanguage\":\"ca\",\"@id\":\"https:\/\/dixitciencia.com\/#\/schema\/logo\/image\/\",\"url\":\"https:\/\/dixitciencia.com\/wp-content\/uploads\/dixit_CAST-1.png\",\"contentUrl\":\"https:\/\/dixitciencia.com\/wp-content\/uploads\/dixit_CAST-1.png\",\"width\":146,\"height\":85,\"caption\":\"Dixit - Comunicaci\u00f3n cient\u00edfica\"},\"image\":{\"@id\":\"https:\/\/dixitciencia.com\/#\/schema\/logo\/image\/\"},\"sameAs\":[\"https:\/\/www.facebook.com\/dixitciencia\/\",\"https:\/\/x.com\/dixit_ciencia\"]}]}<\/script>\n<!-- \/ Yoast SEO plugin. -->","yoast_head_json":{"title":"Qui som? - Dixit","robots":{"index":"index","follow":"follow","max-snippet":"max-snippet:-1","max-image-preview":"max-image-preview:large","max-video-preview":"max-video-preview:-1"},"canonical":"https:\/\/dixitciencia.com\/quienes-somos\/","og_locale":"ca_ES","og_type":"article","og_title":"Qui som? - Dixit","og_description":"Dixit lo formamos cuatro profesionales de diferentes ramas: &#8211;\u00a0JES\u00daS M\u00c9NDEZ,\u00a0licenciado en Medicina y doctor en Bioqu\u00edmica y Biolog\u00eda Molecular. Especialidad en Bioqu\u00edmica Cl\u00ednica y ex-investigador en la epigen\u00e9tica del c\u00e1ncer en el\u00a0PEBC.\u00a0M\u00e1ster en Comunicaci\u00f3n Cient\u00edfica. Cofundador y responsable de Dixit. Actualmente trabaja como periodista y escritor cient\u00edfico. Ganador del Premio Prismas al mejor art\u00edculo period\u00edstico&hellip;","og_url":"https:\/\/dixitciencia.com\/quienes-somos\/","og_site_name":"Dixit","article_publisher":"https:\/\/www.facebook.com\/dixitciencia\/","article_modified_time":"2017-05-12T10:58:02+00:00","twitter_card":"summary_large_image","twitter_site":"@dixit_ciencia","twitter_misc":{"Est. reading time":"2 minutes"},"schema":{"@context":"https:\/\/schema.org","@graph":[{"@type":"WebPage","@id":"https:\/\/dixitciencia.com\/quienes-somos\/","url":"https:\/\/dixitciencia.com\/quienes-somos\/","name":"Qui som? - Dixit","isPartOf":{"@id":"https:\/\/dixitciencia.com\/#website"},"datePublished":"2011-05-11T19:26:44+00:00","dateModified":"2017-05-12T10:58:02+00:00","breadcrumb":{"@id":"https:\/\/dixitciencia.com\/quienes-somos\/#breadcrumb"},"inLanguage":"ca","potentialAction":[{"@type":"ReadAction","target":["https:\/\/dixitciencia.com\/quienes-somos\/"]}]},{"@type":"BreadcrumbList","@id":"https:\/\/dixitciencia.com\/quienes-somos\/#breadcrumb","itemListElement":[{"@type":"ListItem","position":1,"name":"Portada","item":"https:\/\/dixitciencia.com\/"},{"@type":"ListItem","position":2,"name":"Qui som?"}]},{"@type":"WebSite","@id":"https:\/\/dixitciencia.com\/#website","url":"https:\/\/dixitciencia.com\/","name":"Dixit - Comunicaci\u00f3n cient\u00edfica","description":"Comunicaci\u00f3n cient\u00edfica","publisher":{"@id":"https:\/\/dixitciencia.com\/#organization"},"potentialAction":[{"@type":"SearchAction","target":{"@type":"EntryPoint","urlTemplate":"https:\/\/dixitciencia.com\/?s={search_term_string}"},"query-input":{"@type":"PropertyValueSpecification","valueRequired":true,"valueName":"search_term_string"}}],"inLanguage":"ca"},{"@type":"Organization","@id":"https:\/\/dixitciencia.com\/#organization","name":"Dixit - Comunicaci\u00f3n cient\u00edfica","url":"https:\/\/dixitciencia.com\/","logo":{"@type":"ImageObject","inLanguage":"ca","@id":"https:\/\/dixitciencia.com\/#\/schema\/logo\/image\/","url":"https:\/\/dixitciencia.com\/wp-content\/uploads\/dixit_CAST-1.png","contentUrl":"https:\/\/dixitciencia.com\/wp-content\/uploads\/dixit_CAST-1.png","width":146,"height":85,"caption":"Dixit - Comunicaci\u00f3n cient\u00edfica"},"image":{"@id":"https:\/\/dixitciencia.com\/#\/schema\/logo\/image\/"},"sameAs":["https:\/\/www.facebook.com\/dixitciencia\/","https:\/\/x.com\/dixit_ciencia"]}]}},"jetpack_sharing_enabled":true,"_links":{"self":[{"href":"https:\/\/dixitciencia.com\/ca\/wp-json\/wp\/v2\/pages\/4821","targetHints":{"allow":["GET"]}}],"collection":[{"href":"https:\/\/dixitciencia.com\/ca\/wp-json\/wp\/v2\/pages"}],"about":[{"href":"https:\/\/dixitciencia.com\/ca\/wp-json\/wp\/v2\/types\/page"}],"author":[{"embeddable":true,"href":"https:\/\/dixitciencia.com\/ca\/wp-json\/wp\/v2\/users\/2"}],"replies":[{"embeddable":true,"href":"https:\/\/dixitciencia.com\/ca\/wp-json\/wp\/v2\/comments?post=4821"}],"version-history":[{"count":6,"href":"https:\/\/dixitciencia.com\/ca\/wp-json\/wp\/v2\/pages\/4821\/revisions"}],"predecessor-version":[{"id":4927,"href":"https:\/\/dixitciencia.com\/ca\/wp-json\/wp\/v2\/pages\/4821\/revisions\/4927"}],"wp:attachment":[{"href":"https:\/\/dixitciencia.com\/ca\/wp-json\/wp\/v2\/media?parent=4821"}],"curies":[{"name":"wp","href":"https:\/\/api.w.org\/{rel}","templated":true}]}}