{"id":4816,"date":"2011-11-26T14:29:52","date_gmt":"2011-11-26T13:29:52","guid":{"rendered":"https:\/\/dixitciencia.com\/contacto\/"},"modified":"2017-04-30T16:35:55","modified_gmt":"2017-04-30T16:35:55","slug":"contacte","status":"publish","type":"page","link":"https:\/\/dixitciencia.com\/ca\/contacte\/","title":{"rendered":"Contacte"},"content":{"rendered":"\n<div class=\"wpcf7 no-js\" id=\"wpcf7-f4838-o1\" lang=\"es-ES\" dir=\"ltr\" data-wpcf7-id=\"4838\">\n<div class=\"screen-reader-response\"><p role=\"status\" aria-live=\"polite\" aria-atomic=\"true\"><\/p> <ul><\/ul><\/div>\n<form action=\"\/ca\/wp-json\/wp\/v2\/pages\/4816#wpcf7-f4838-o1\" method=\"post\" class=\"wpcf7-form init\" aria-label=\"Formulario de contacto\" novalidate=\"novalidate\" data-status=\"init\">\n<fieldset class=\"hidden-fields-container\"><input type=\"hidden\" name=\"_wpcf7\" value=\"4838\" \/><input type=\"hidden\" name=\"_wpcf7_version\" value=\"6.1.3\" \/><input type=\"hidden\" name=\"_wpcf7_locale\" value=\"es_ES\" \/><input type=\"hidden\" name=\"_wpcf7_unit_tag\" value=\"wpcf7-f4838-o1\" \/><input type=\"hidden\" name=\"_wpcf7_container_post\" value=\"0\" \/><input type=\"hidden\" name=\"_wpcf7_posted_data_hash\" value=\"\" \/>\n<\/fieldset>\n<p><label>Nom (requerit)<br \/>\n<span class=\"wpcf7-form-control-wrap\" data-name=\"your-name\"><input size=\"40\" maxlength=\"400\" class=\"wpcf7-form-control wpcf7-text wpcf7-validates-as-required\" aria-required=\"true\" aria-invalid=\"false\" value=\"\" type=\"text\" name=\"your-name\" \/><\/span> <\/label>\n<\/p>\n<p><label>El teu correu electr\u00f2nic (requerit)<br \/>\n<span class=\"wpcf7-form-control-wrap\" data-name=\"your-email\"><input size=\"40\" maxlength=\"400\" class=\"wpcf7-form-control wpcf7-email wpcf7-validates-as-required wpcf7-text wpcf7-validates-as-email\" aria-required=\"true\" aria-invalid=\"false\" value=\"\" type=\"email\" name=\"your-email\" \/><\/span> <\/label>\n<\/p>\n<p><label>Assumpte<br \/>\n<span class=\"wpcf7-form-control-wrap\" data-name=\"your-subject\"><input size=\"40\" maxlength=\"400\" class=\"wpcf7-form-control wpcf7-text\" aria-invalid=\"false\" value=\"\" type=\"text\" name=\"your-subject\" \/><\/span> <\/label>\n<\/p>\n<p><label>Missatge<br \/>\n<span class=\"wpcf7-form-control-wrap\" data-name=\"your-message\"><textarea cols=\"40\" rows=\"10\" maxlength=\"2000\" class=\"wpcf7-form-control wpcf7-textarea\" aria-invalid=\"false\" name=\"your-message\"><\/textarea><\/span> <\/label>\n<\/p>\n<p><input class=\"wpcf7-form-control wpcf7-submit has-spinner\" type=\"submit\" value=\"Enviar\" \/>\n<\/p><p style=\"display: none !important;\" class=\"akismet-fields-container\" data-prefix=\"_wpcf7_ak_\"><label>&#916;<textarea name=\"_wpcf7_ak_hp_textarea\" cols=\"45\" rows=\"8\" maxlength=\"100\"><\/textarea><\/label><input type=\"hidden\" id=\"ak_js_1\" name=\"_wpcf7_ak_js\" value=\"35\"\/><script>document.getElementById( \"ak_js_1\" ).setAttribute( \"value\", ( new Date() ).getTime() );<\/script><\/p><div class=\"wpcf7-response-output\" aria-hidden=\"true\"><\/div>\n<\/form>\n<\/div>\n\n","protected":false},"excerpt":{"rendered":"Nom (requerit) El teu correu electr\u00f2nic (requerit) Assumpte Missatge &#916;","protected":false},"author":1,"featured_media":0,"parent":0,"menu_order":0,"comment_status":"closed","ping_status":"closed","template":"","meta":{"jetpack_post_was_ever_published":false,"footnotes":""},"class_list":["post-4816","page","type-page","status-publish","hentry"],"yoast_head":"<!-- This site is optimized with the Yoast SEO plugin v27.0 - https:\/\/yoast.com\/product\/yoast-seo-wordpress\/ -->\n<title>Contacte - Dixit<\/title>\n<meta name=\"robots\" content=\"index, follow, max-snippet:-1, max-image-preview:large, max-video-preview:-1\" \/>\n<link rel=\"canonical\" href=\"https:\/\/dixitciencia.com\/contacto\/\" \/>\n<meta property=\"og:locale\" content=\"ca_ES\" \/>\n<meta property=\"og:type\" content=\"article\" \/>\n<meta property=\"og:title\" content=\"Contacte - Dixit\" \/>\n<meta property=\"og:url\" content=\"https:\/\/dixitciencia.com\/contacto\/\" \/>\n<meta property=\"og:site_name\" content=\"Dixit\" \/>\n<meta property=\"article:publisher\" content=\"https:\/\/www.facebook.com\/dixitciencia\/\" \/>\n<meta property=\"article:modified_time\" content=\"2017-04-30T16:35:55+00:00\" \/>\n<meta name=\"twitter:card\" content=\"summary_large_image\" \/>\n<meta name=\"twitter:site\" content=\"@dixit_ciencia\" \/>\n<script type=\"application\/ld+json\" class=\"yoast-schema-graph\">{\"@context\":\"https:\/\/schema.org\",\"@graph\":[{\"@type\":\"WebPage\",\"@id\":\"https:\/\/dixitciencia.com\/contacto\/\",\"url\":\"https:\/\/dixitciencia.com\/contacto\/\",\"name\":\"Contacte - Dixit\",\"isPartOf\":{\"@id\":\"https:\/\/dixitciencia.com\/#website\"},\"datePublished\":\"2011-11-26T13:29:52+00:00\",\"dateModified\":\"2017-04-30T16:35:55+00:00\",\"breadcrumb\":{\"@id\":\"https:\/\/dixitciencia.com\/contacto\/#breadcrumb\"},\"inLanguage\":\"ca\",\"potentialAction\":[{\"@type\":\"ReadAction\",\"target\":[\"https:\/\/dixitciencia.com\/contacto\/\"]}]},{\"@type\":\"BreadcrumbList\",\"@id\":\"https:\/\/dixitciencia.com\/contacto\/#breadcrumb\",\"itemListElement\":[{\"@type\":\"ListItem\",\"position\":1,\"name\":\"Portada\",\"item\":\"https:\/\/dixitciencia.com\/\"},{\"@type\":\"ListItem\",\"position\":2,\"name\":\"Contacte\"}]},{\"@type\":\"WebSite\",\"@id\":\"https:\/\/dixitciencia.com\/#website\",\"url\":\"https:\/\/dixitciencia.com\/\",\"name\":\"Dixit - Comunicaci\u00f3n cient\u00edfica\",\"description\":\"Comunicaci\u00f3n cient\u00edfica\",\"publisher\":{\"@id\":\"https:\/\/dixitciencia.com\/#organization\"},\"potentialAction\":[{\"@type\":\"SearchAction\",\"target\":{\"@type\":\"EntryPoint\",\"urlTemplate\":\"https:\/\/dixitciencia.com\/?s={search_term_string}\"},\"query-input\":{\"@type\":\"PropertyValueSpecification\",\"valueRequired\":true,\"valueName\":\"search_term_string\"}}],\"inLanguage\":\"ca\"},{\"@type\":\"Organization\",\"@id\":\"https:\/\/dixitciencia.com\/#organization\",\"name\":\"Dixit - Comunicaci\u00f3n cient\u00edfica\",\"url\":\"https:\/\/dixitciencia.com\/\",\"logo\":{\"@type\":\"ImageObject\",\"inLanguage\":\"ca\",\"@id\":\"https:\/\/dixitciencia.com\/#\/schema\/logo\/image\/\",\"url\":\"https:\/\/dixitciencia.com\/wp-content\/uploads\/dixit_CAST-1.png\",\"contentUrl\":\"https:\/\/dixitciencia.com\/wp-content\/uploads\/dixit_CAST-1.png\",\"width\":146,\"height\":85,\"caption\":\"Dixit - Comunicaci\u00f3n cient\u00edfica\"},\"image\":{\"@id\":\"https:\/\/dixitciencia.com\/#\/schema\/logo\/image\/\"},\"sameAs\":[\"https:\/\/www.facebook.com\/dixitciencia\/\",\"https:\/\/x.com\/dixit_ciencia\"]}]}<\/script>\n<!-- \/ Yoast SEO plugin. -->","yoast_head_json":{"title":"Contacte - Dixit","robots":{"index":"index","follow":"follow","max-snippet":"max-snippet:-1","max-image-preview":"max-image-preview:large","max-video-preview":"max-video-preview:-1"},"canonical":"https:\/\/dixitciencia.com\/contacto\/","og_locale":"ca_ES","og_type":"article","og_title":"Contacte - Dixit","og_url":"https:\/\/dixitciencia.com\/contacto\/","og_site_name":"Dixit","article_publisher":"https:\/\/www.facebook.com\/dixitciencia\/","article_modified_time":"2017-04-30T16:35:55+00:00","twitter_card":"summary_large_image","twitter_site":"@dixit_ciencia","schema":{"@context":"https:\/\/schema.org","@graph":[{"@type":"WebPage","@id":"https:\/\/dixitciencia.com\/contacto\/","url":"https:\/\/dixitciencia.com\/contacto\/","name":"Contacte - Dixit","isPartOf":{"@id":"https:\/\/dixitciencia.com\/#website"},"datePublished":"2011-11-26T13:29:52+00:00","dateModified":"2017-04-30T16:35:55+00:00","breadcrumb":{"@id":"https:\/\/dixitciencia.com\/contacto\/#breadcrumb"},"inLanguage":"ca","potentialAction":[{"@type":"ReadAction","target":["https:\/\/dixitciencia.com\/contacto\/"]}]},{"@type":"BreadcrumbList","@id":"https:\/\/dixitciencia.com\/contacto\/#breadcrumb","itemListElement":[{"@type":"ListItem","position":1,"name":"Portada","item":"https:\/\/dixitciencia.com\/"},{"@type":"ListItem","position":2,"name":"Contacte"}]},{"@type":"WebSite","@id":"https:\/\/dixitciencia.com\/#website","url":"https:\/\/dixitciencia.com\/","name":"Dixit - Comunicaci\u00f3n cient\u00edfica","description":"Comunicaci\u00f3n cient\u00edfica","publisher":{"@id":"https:\/\/dixitciencia.com\/#organization"},"potentialAction":[{"@type":"SearchAction","target":{"@type":"EntryPoint","urlTemplate":"https:\/\/dixitciencia.com\/?s={search_term_string}"},"query-input":{"@type":"PropertyValueSpecification","valueRequired":true,"valueName":"search_term_string"}}],"inLanguage":"ca"},{"@type":"Organization","@id":"https:\/\/dixitciencia.com\/#organization","name":"Dixit - Comunicaci\u00f3n cient\u00edfica","url":"https:\/\/dixitciencia.com\/","logo":{"@type":"ImageObject","inLanguage":"ca","@id":"https:\/\/dixitciencia.com\/#\/schema\/logo\/image\/","url":"https:\/\/dixitciencia.com\/wp-content\/uploads\/dixit_CAST-1.png","contentUrl":"https:\/\/dixitciencia.com\/wp-content\/uploads\/dixit_CAST-1.png","width":146,"height":85,"caption":"Dixit - Comunicaci\u00f3n cient\u00edfica"},"image":{"@id":"https:\/\/dixitciencia.com\/#\/schema\/logo\/image\/"},"sameAs":["https:\/\/www.facebook.com\/dixitciencia\/","https:\/\/x.com\/dixit_ciencia"]}]}},"jetpack_sharing_enabled":true,"_links":{"self":[{"href":"https:\/\/dixitciencia.com\/ca\/wp-json\/wp\/v2\/pages\/4816","targetHints":{"allow":["GET"]}}],"collection":[{"href":"https:\/\/dixitciencia.com\/ca\/wp-json\/wp\/v2\/pages"}],"about":[{"href":"https:\/\/dixitciencia.com\/ca\/wp-json\/wp\/v2\/types\/page"}],"author":[{"embeddable":true,"href":"https:\/\/dixitciencia.com\/ca\/wp-json\/wp\/v2\/users\/1"}],"replies":[{"embeddable":true,"href":"https:\/\/dixitciencia.com\/ca\/wp-json\/wp\/v2\/comments?post=4816"}],"version-history":[{"count":2,"href":"https:\/\/dixitciencia.com\/ca\/wp-json\/wp\/v2\/pages\/4816\/revisions"}],"predecessor-version":[{"id":4839,"href":"https:\/\/dixitciencia.com\/ca\/wp-json\/wp\/v2\/pages\/4816\/revisions\/4839"}],"wp:attachment":[{"href":"https:\/\/dixitciencia.com\/ca\/wp-json\/wp\/v2\/media?parent=4816"}],"curies":[{"name":"wp","href":"https:\/\/api.w.org\/{rel}","templated":true}]}}